{"id":2,"date":"2026-01-02T11:16:05","date_gmt":"2026-01-02T11:16:05","guid":{"rendered":"http:\/\/gluckgarmentindustries.com\/?page_id=2"},"modified":"2026-03-20T13:07:59","modified_gmt":"2026-03-20T13:07:59","slug":"gluck-reserve","status":"publish","type":"page","link":"https:\/\/gluckgarmentindustries.com\/pt\/gluck-reserve\/","title":{"rendered":"GL\u00dcCK Reserve"},"content":{"rendered":"<div data-elementor-type=\"wp-page\" data-elementor-id=\"2\" class=\"elementor elementor-2\">\n\t\t\t\t<div class=\"elementor-element elementor-element-27bbba85 e-flex e-con-boxed convert--none scrubbed__false pinned__false wd--always--show container--pointer--events--auto layout--default bg--none no e-con e-parent\" data-id=\"27bbba85\" data-element_type=\"container\" data-e-type=\"container\">\n\t\t\t\t\t<div class=\"e-con-inner\">\n\t\t<div class=\"elementor-element elementor-element-103b3a8 e-con-full e-flex convert--none scrubbed__false pinned__false wd--always--show container--pointer--events--auto layout--default bg--none no e-con e-child\" data-id=\"103b3a8\" data-element_type=\"container\" data-e-type=\"container\">\n\t\t\t\t<div class=\"elementor-element elementor-element-2412be1 text-stroke-no wd--always--show elementor-widget elementor-widget-petextwrapper\" data-id=\"2412be1\" data-element_type=\"widget\" data-e-type=\"widget\" data-widget_type=\"petextwrapper.default\">\n\t\t\t\t<div class=\"elementor-widget-container\">\n\t\t\t\t\t\n        \n        <div class=\"text-wrapper\">\n\n            <p                class=\"text-h3   no-margin\"         >\n                Step Into the GL\u00dcCK Reserve\nExclusive Access Awaits<\/p>\n\n        <\/div>\n\n        \t\t\t\t<\/div>\n\t\t\t\t<\/div>\n\t\t\t\t<div class=\"elementor-element elementor-element-6dfd45e text-stroke-no wd--always--show elementor-widget elementor-widget-petextwrapper\" data-id=\"6dfd45e\" data-element_type=\"widget\" data-e-type=\"widget\" data-widget_type=\"petextwrapper.default\">\n\t\t\t\t<div class=\"elementor-widget-container\">\n\t\t\t\t\t\n        \n        <div class=\"text-wrapper\">\n\n            <p                class=\"text-h5\"         >\n                Welcome to the GL\u00dcCK Reserve, your key to exclusive, limited-edition pieces crafted with care in Portugal. By joining, you\u2019ll gain early access to our drops, discover the story behind each creation, and embrace a more conscious way of consuming fashion.<\/p>\n\n        <\/div>\n\n        \t\t\t\t<\/div>\n\t\t\t\t<\/div>\n\t\t\t\t<\/div>\n\t\t<div class=\"elementor-element elementor-element-7bcc76e e-con-full e-flex convert--none scrubbed__false pinned__false wd--always--show container--pointer--events--auto layout--default bg--none no e-con e-child\" data-id=\"7bcc76e\" data-element_type=\"container\" data-e-type=\"container\">\n\t\t\t\t<div class=\"elementor-element elementor-element-266d62a wd--always--show elementor-widget elementor-widget-pesingleimage\" data-id=\"266d62a\" data-element_type=\"widget\" data-e-type=\"widget\" data-widget_type=\"pesingleimage.default\">\n\t\t\t\t<div class=\"elementor-widget-container\">\n\t\t\t\t\t\n        <div class=\"single-image single--image false\" >\n\n                            <img fetchpriority=\"high\" decoding=\"async\" width=\"1600\" height=\"2000\" src=\"https:\/\/gluckgarmentindustries.com\/wp-content\/uploads\/2026\/03\/3_Post.png\" class=\"attachment-full size-full wp-image-10641\" alt=\"\" srcset=\"https:\/\/gluckgarmentindustries.com\/wp-content\/uploads\/2026\/03\/3_Post.png 1600w, https:\/\/gluckgarmentindustries.com\/wp-content\/uploads\/2026\/03\/3_Post-240x300.png 240w, https:\/\/gluckgarmentindustries.com\/wp-content\/uploads\/2026\/03\/3_Post-819x1024.png 819w, https:\/\/gluckgarmentindustries.com\/wp-content\/uploads\/2026\/03\/3_Post-768x960.png 768w, https:\/\/gluckgarmentindustries.com\/wp-content\/uploads\/2026\/03\/3_Post-1229x1536.png 1229w, https:\/\/gluckgarmentindustries.com\/wp-content\/uploads\/2026\/03\/3_Post-400x500.png 400w\" sizes=\"(max-width: 1600px) 100vw, 1600px\" \/>\n\n                        <\/div>\n\n\n        \t\t\t\t<\/div>\n\t\t\t\t<\/div>\n\t\t\t\t<\/div>\n\t\t\t\t\t<\/div>\n\t\t\t\t<\/div>\n\t\t<div class=\"elementor-element elementor-element-a2e68e4 e-flex e-con-boxed convert--none scrubbed__false pinned__false wd--always--show container--pointer--events--auto layout--default bg--none no e-con e-parent\" data-id=\"a2e68e4\" data-element_type=\"container\" data-e-type=\"container\">\n\t\t\t\t\t<div class=\"e-con-inner\">\n\t\t<div class=\"elementor-element elementor-element-6b8b6de e-con-full newsletterpopup e-flex convert--none scrubbed__false pinned__false wd--always--show container--pointer--events--auto layout--default bg--none no e-con e-child\" data-id=\"6b8b6de\" data-element_type=\"container\" data-e-type=\"container\">\n\t\t\t\t<div class=\"elementor-element elementor-element-91c54a2 text-stroke-no wd--always--show elementor-widget elementor-widget-petextwrapper\" data-id=\"91c54a2\" data-element_type=\"widget\" data-e-type=\"widget\" data-widget_type=\"petextwrapper.default\">\n\t\t\t\t<div class=\"elementor-widget-container\">\n\t\t\t\t\t\n        \n        <div class=\"text-wrapper\">\n\n            <p                class=\"text-h5   no-margin\"         >\n                Subscribe newsletter<\/p>\n\n        <\/div>\n\n        \t\t\t\t<\/div>\n\t\t\t\t<\/div>\n\t\t\t\t<div class=\"elementor-element elementor-element-87570c0 wd--always--show elementor-widget elementor-widget-shortcode\" data-id=\"87570c0\" data-element_type=\"widget\" data-e-type=\"widget\" data-widget_type=\"shortcode.default\">\n\t\t\t\t\t\t\t<div class=\"elementor-shortcode\"><div class='fluentform ff-default fluentform_wrapper_2 ffs_default_wrap'><form data-form_id=\"2\" id=\"fluentform_2\" class=\"frm-fluent-form fluent_form_2 ff-el-form-top ff_form_instance_2_1 ff-form-loading ffs_default\" data-form_instance=\"ff_form_instance_2_1\" method=\"POST\" action=\"\" ><fieldset  style=\"border: none!important;margin: 0!important;padding: 0!important;background-color: transparent!important;box-shadow: none!important;outline: none!important; min-inline-size: 100%;\">\n                    <legend class=\"ff_screen_reader_title\" style=\"display: block; margin: 0!important;padding: 0!important;height: 0!important;text-indent: -999999px;width: 0!important;overflow:hidden;\">Formul\u00e1rio de Subscri\u00e7\u00e3o<\/legend><input type='hidden' name='__fluent_form_embded_post_id' value='2' \/><input type=\"hidden\" id=\"_fluentform_2_fluentformnonce\" name=\"_fluentform_2_fluentformnonce\" value=\"7c244dbd3e\" \/><input type=\"hidden\" name=\"_wp_http_referer\" value=\"\/pt\/wp-json\/wp\/v2\/pages\/2\" \/><div class='ff-el-group ff-el-form-hide_label  ff_list_inline'><div class=\"ff-el-input--label ff-el-is-required asterisk-right\"><label   aria-label=\"R\u00e1dio de Campo\">R\u00e1dio de Campo<\/label><\/div><div class='ff-el-input--content'><div class='ff-el-form-check ff-el-form-check-'><label class='ff-el-form-check-label' for='input_radio_f582a4d91c925e6e71e61dc51eb20be0'><input  type=\"radio\" name=\"input_radio\" data-name=\"input_radio\" class=\"ff-el-form-check-input ff-el-form-check-radio\" value=\"Male\"  id='input_radio_f582a4d91c925e6e71e61dc51eb20be0' aria-label='Masculino' aria-invalid='false' aria-required=\"true\"> <span>Masculino<\/span><\/label><\/div><div class='ff-el-form-check ff-el-form-check-'><label class='ff-el-form-check-label' for='input_radio_ad8abf99d405347e795f5d50ca853188'><input  type=\"radio\" name=\"input_radio\" data-name=\"input_radio\" class=\"ff-el-form-check-input ff-el-form-check-radio\" value=\"Female\"  id='input_radio_ad8abf99d405347e795f5d50ca853188' aria-label='Mulher' aria-invalid='false' aria-required=\"true\"> <span>Mulher<\/span><\/label><\/div><div class='ff-el-form-check ff-el-form-check-'><label class='ff-el-form-check-label' for='input_radio_eccc3661f6bbb55248098d404cd7f989'><input  type=\"radio\" name=\"input_radio\" data-name=\"input_radio\" class=\"ff-el-form-check-input ff-el-form-check-radio\" value=\"Fluid\"  id='input_radio_eccc3661f6bbb55248098d404cd7f989' aria-label='Fluido' aria-invalid='false' aria-required=\"true\"> <span>Fluido<\/span><\/label><\/div><\/div><\/div><div class='ff-el-group'><div class='ff-el-input--content'><input type=\"email\" name=\"email\" id=\"ff_2_email\" class=\"ff-el-form-control\" placeholder=\"O seu endere\u00e7o de e-mail\" data-name=\"email\"  aria-invalid=\"false\" aria-required=\"true\"><\/div><\/div><div class='ff-el-group    ff-el-input--content'><div class='ff-el-form-check ff-el-tc'><label aria-label='Termos e Condi\u00e7\u00f5es: I have read and agree to the Terms and Conditions and Privacy Policy Cont\u00e9m 2 link(s). Use a navega\u00e7\u00e3o por abas para consultar.' class='ff-el-form-check-label ff_tc_label' for=\"terms-n-condition_dfe6e447d5d96cd40f8d482e9a8c2887\"><span class='ff_tc_checkbox'><input type=\"checkbox\" name=\"terms-n-condition\" class=\"ff-el-form-check-input\" data-name=\"terms-n-condition\" id=\"terms-n-condition_dfe6e447d5d96cd40f8d482e9a8c2887\"  value='on' aria-invalid='false' aria-required=\"true\"><\/span> <div class='ff_t_c'><p>Li e concordo com os <strong><a href=\"#\" target=\"_blank\" rel=\"noopener\">Termos e Condi\u00e7\u00f5es<\/a><\/strong> e <strong><a href=\"#\" target=\"_blank\" rel=\"noopener\">Pol\u00edtica de Privacidade<\/a><\/strong><\/p><\/div><\/label><\/div><\/div><div data-name=\"ff_cn_id_1\"  class='ff-t-container ff-column-container ff_columns_total_1'><div class='ff-t-cell ff-t-column-1' style='flex-basis: 100%;'><div class='ff-el-group ff-text-left ff_submit_btn_wrapper ff_submit_btn_wrapper_custom'><button class=\"ff-btn ff-btn-submit ff-btn-md ff_btn_style wpf_has_custom_css\" type=\"submit\" name=\"custom_submit_button-2_1\" data-name=\"custom_submit_button-2_1\"  aria-label=\"Subscrever\">Subscrever<\/button><style>form.fluent_form_2 .wpf_has_custom_css.ff-btn-submit { background-color:rgba(0, 0, 0, 1);border-color:rgba(0, 0, 0, 1);color:#ffffff;min-width:100%; }form.fluent_form_2 .wpf_has_custom_css.ff-btn-submit:hover { background-color:#ffffff;border-color:rgba(0, 0, 0, 1);color:rgba(0, 0, 0, 1);min-width:100%; } <\/style><\/div><\/div><\/div><\/fieldset><input type=\"hidden\" name=\"trp-form-language\" value=\"pt\"\/><\/form><div id='fluentform_2_errors' class='ff-errors-in-stack ff_form_instance_2_1 ff-form-loading_errors ff_form_instance_2_1_errors'><\/div><\/div>            <script type=\"text\/javascript\">\n                window.fluent_form_ff_form_instance_2_1 = {\"id\":\"2\",\"settings\":{\"layout\":{\"labelPlacement\":\"top\",\"helpMessagePlacement\":\"with_label\",\"errorMessagePlacement\":\"inline\",\"asteriskPlacement\":\"asterisk-right\"},\"restrictions\":{\"denyEmptySubmission\":{\"enabled\":false}}},\"form_instance\":\"ff_form_instance_2_1\",\"form_id_selector\":\"fluentform_2\",\"rules\":{\"input_radio\":{\"required\":{\"value\":true,\"message\":\"Este campo \\u00e9 obrigat\\u00f3rio\",\"global_message\":\"This field is required\",\"global\":true}},\"email\":{\"required\":{\"value\":true,\"message\":\"This field is required\",\"global\":false,\"global_message\":\"This field is required\"},\"email\":{\"value\":true,\"message\":\"This field must contain a valid email\",\"global\":false,\"global_message\":\"This field must contain a valid email\"}},\"terms-n-condition\":{\"required\":{\"value\":true,\"message\":\"Este campo \\u00e9 obrigat\\u00f3rio\",\"global_message\":\"This field is required\",\"global\":true}}},\"debounce_time\":300};\n                            <\/script>\n            <\/div>\n\t\t\t\t\t\t<\/div>\n\t\t\t\t<\/div>\n\t\t<div class=\"elementor-element elementor-element-d663c20 e-con-full e-flex convert--none scrubbed__false pinned__false wd--always--show container--pointer--events--auto layout--default bg--none no e-con e-child\" data-id=\"d663c20\" data-element_type=\"container\" data-e-type=\"container\">\n\t\t\t\t<div class=\"elementor-element elementor-element-3ac7635 text-stroke-no wd--always--show elementor-widget elementor-widget-petextwrapper\" data-id=\"3ac7635\" data-element_type=\"widget\" data-e-type=\"widget\" data-widget_type=\"petextwrapper.default\">\n\t\t\t\t<div class=\"elementor-widget-container\">\n\t\t\t\t\t\n        \n        <div class=\"text-wrapper\">\n\n            <p                class=\"text-h3   no-margin\"         >\n                As a member of the Reserve, you\u2019ll enjoy:<\/p>\n\n        <\/div>\n\n        \t\t\t\t<\/div>\n\t\t\t\t<\/div>\n\t\t\t\t<div class=\"elementor-element elementor-element-59cf982 text-stroke-no wd--always--show elementor-widget elementor-widget-petextwrapper\" data-id=\"59cf982\" data-element_type=\"widget\" data-e-type=\"widget\" data-widget_type=\"petextwrapper.default\">\n\t\t\t\t<div class=\"elementor-widget-container\">\n\t\t\t\t\t\n        \n        <div class=\"text-wrapper\">\n\n            <p                class=\"text-h6\"         >\n                Priority access to limited drops\n\nInsights on sustainable production and upcoming collections\n\nSpecial offers and unique rewards\nEvery piece is rare. Every member is valued. Join the GL\u00dcCK Reserve and make your wardrobe more thoughtful, stylish, and exclusive.<\/p>\n\n        <\/div>\n\n        \t\t\t\t<\/div>\n\t\t\t\t<\/div>\n\t\t\t\t<\/div>\n\t\t\t\t\t<\/div>\n\t\t\t\t<\/div>\n\t\t\t\t<\/div>","protected":false},"excerpt":{"rendered":"<p>Step Into the GL\u00dcCK Reserve Exclusive Access Awaits Welcome to the GL\u00dcCK Reserve, your key to exclusive, limited-edition pieces crafted&#8230;<\/p>","protected":false},"author":1,"featured_media":0,"parent":0,"menu_order":0,"comment_status":"closed","ping_status":"closed","template":"","meta":{"_acf_changed":false,"footnotes":""},"class_list":["post-2","page","type-page","status-publish","hentry"],"acf":[],"_links":{"self":[{"href":"https:\/\/gluckgarmentindustries.com\/pt\/wp-json\/wp\/v2\/pages\/2","targetHints":{"allow":["GET"]}}],"collection":[{"href":"https:\/\/gluckgarmentindustries.com\/pt\/wp-json\/wp\/v2\/pages"}],"about":[{"href":"https:\/\/gluckgarmentindustries.com\/pt\/wp-json\/wp\/v2\/types\/page"}],"author":[{"embeddable":true,"href":"https:\/\/gluckgarmentindustries.com\/pt\/wp-json\/wp\/v2\/users\/1"}],"replies":[{"embeddable":true,"href":"https:\/\/gluckgarmentindustries.com\/pt\/wp-json\/wp\/v2\/comments?post=2"}],"version-history":[{"count":38,"href":"https:\/\/gluckgarmentindustries.com\/pt\/wp-json\/wp\/v2\/pages\/2\/revisions"}],"predecessor-version":[{"id":10685,"href":"https:\/\/gluckgarmentindustries.com\/pt\/wp-json\/wp\/v2\/pages\/2\/revisions\/10685"}],"wp:attachment":[{"href":"https:\/\/gluckgarmentindustries.com\/pt\/wp-json\/wp\/v2\/media?parent=2"}],"curies":[{"name":"wp","href":"https:\/\/api.w.org\/{rel}","templated":true}]}}