{"id":10443,"date":"2026-03-20T09:33:10","date_gmt":"2026-03-20T09:33:10","guid":{"rendered":"http:\/\/gluckgarmentindustries.com\/?page_id=10443"},"modified":"2026-03-20T10:31:27","modified_gmt":"2026-03-20T10:31:27","slug":"contacts","status":"publish","type":"page","link":"https:\/\/gluckgarmentindustries.com\/pt\/contacts\/","title":{"rendered":"Contacts"},"content":{"rendered":"\t\t<div data-elementor-type=\"wp-page\" data-elementor-id=\"10443\" class=\"elementor elementor-10443\">\n\t\t\t\t<div class=\"elementor-element elementor-element-608af32 contactos e-flex e-con-boxed convert--none scrubbed__false pinned__false wd--always--show container--pointer--events--auto layout--default bg--none no e-con e-parent\" data-id=\"608af32\" data-element_type=\"container\" data-e-type=\"container\">\n\t\t\t\t\t<div class=\"e-con-inner\">\n\t\t\t\t<div class=\"elementor-element elementor-element-453349c text-stroke-no wd--always--show elementor-widget elementor-widget-petextwrapper\" data-id=\"453349c\" data-element_type=\"widget\" data-e-type=\"widget\" data-widget_type=\"petextwrapper.default\">\n\t\t\t\t<div class=\"elementor-widget-container\">\n\t\t\t\t\t\n        \n        <div class=\"text-wrapper\">\n\n            <p                class=\"text-h3   no-margin   \"         >\n                In a world obsessed with rules and trends, we chose a different approach: <b><h2>Stop Making \nSense<\/h2><\/b><\/p>\n\n        <\/div>\n\n        \t\t\t\t<\/div>\n\t\t\t\t<\/div>\n\t\t\t\t\t<\/div>\n\t\t\t\t<\/div>\n\t\t<div class=\"elementor-element elementor-element-e2edf40 contactos e-flex e-con-boxed convert--none scrubbed__false pinned__false wd--always--show container--pointer--events--auto layout--default bg--none no e-con e-parent\" data-id=\"e2edf40\" data-element_type=\"container\" data-e-type=\"container\">\n\t\t\t\t\t<div class=\"e-con-inner\">\n\t\t<div class=\"elementor-element elementor-element-1f7d2f3 e-con-full e-flex convert--none scrubbed__false pinned__false wd--always--show container--pointer--events--auto layout--default bg--none no e-con e-child\" data-id=\"1f7d2f3\" data-element_type=\"container\" data-e-type=\"container\">\n\t\t\t\t<div class=\"elementor-element elementor-element-4cc2ca6 wd--always--show elementor-widget elementor-widget-shortcode\" data-id=\"4cc2ca6\" data-element_type=\"widget\" data-e-type=\"widget\" data-widget_type=\"shortcode.default\">\n\t\t\t\t\t\t\t<div class=\"elementor-shortcode\"><div class='fluentform ff-default fluentform_wrapper_1 ffs_default_wrap'><form data-form_id=\"1\" id=\"fluentform_1\" class=\"frm-fluent-form fluent_form_1 ff-el-form-top ff_form_instance_1_1 ff-form-loading ffs_default\" data-form_instance=\"ff_form_instance_1_1\" method=\"POST\" ><fieldset  style=\"border: none!important;margin: 0!important;padding: 0!important;background-color: transparent!important;box-shadow: none!important;outline: none!important; min-inline-size: 100%;\">\n                    <legend class=\"ff_screen_reader_title\" style=\"display: block; margin: 0!important;padding: 0!important;height: 0!important;text-indent: -999999px;width: 0!important;overflow:hidden;\">Contact Form<\/legend><input type='hidden' name='__fluent_form_embded_post_id' value='10443' \/><input type=\"hidden\" id=\"_fluentform_1_fluentformnonce\" name=\"_fluentform_1_fluentformnonce\" value=\"7c244dbd3e\" \/><input type=\"hidden\" name=\"_wp_http_referer\" value=\"\/pt\/wp-json\/wp\/v2\/pages\/10443\" \/><div data-type=\"name-element\" data-name=\"names\" class=\" ff-field_container ff-name-field-wrapper\" ><div class='ff-t-container'><div class='ff-t-cell '><div class='ff-el-group  ff-el-form-hide_label'><div class=\"ff-el-input--label asterisk-right\"><label for='ff_1_names_first_name_' id='label_ff_1_names_first_name_' >First Name<\/label><\/div><div class='ff-el-input--content'><input type=\"text\" name=\"names[first_name]\" id=\"ff_1_names_first_name_\" class=\"ff-el-form-control\" placeholder=\"First Name\" aria-invalid=\"false\" aria-required=false><\/div><\/div><\/div><div class='ff-t-cell '><div class='ff-el-group  ff-el-form-hide_label'><div class=\"ff-el-input--label asterisk-right\"><label for='ff_1_names_last_name_' id='label_ff_1_names_last_name_' >Last Name<\/label><\/div><div class='ff-el-input--content'><input type=\"text\" name=\"names[last_name]\" id=\"ff_1_names_last_name_\" class=\"ff-el-form-control\" placeholder=\"Last Name\" aria-invalid=\"false\" aria-required=false><\/div><\/div><\/div><\/div><\/div><div class='ff-el-group ff-el-form-hide_label'><div class=\"ff-el-input--label ff-el-is-required asterisk-right\"><label for='ff_1_email' id='label_ff_1_email' aria-label=\"Email\">Email<\/label><\/div><div class='ff-el-input--content'><input type=\"email\" name=\"email\" id=\"ff_1_email\" class=\"ff-el-form-control\" placeholder=\"Email Address\" data-name=\"email\"  aria-invalid=\"false\" aria-required=true><\/div><\/div><div class='ff-el-group ff-el-form-hide_label'><div class=\"ff-el-input--label ff-el-is-required asterisk-right\"><label for='ff_1_message' id='label_ff_1_message' aria-label=\"Your Message\">Your Message<\/label><\/div><div class='ff-el-input--content'><textarea aria-required=\"true\" aria-labelledby=\"label_ff_1_message\" name=\"message\" id=\"ff_1_message\" class=\"ff-el-form-control\" placeholder=\"Your Message\" rows=\"4\" cols=\"2\" data-name=\"message\" ><\/textarea><\/div><\/div><div class='ff-el-group    ff-el-input--content'><div class='ff-el-form-check ff-el-tc'><label aria-label='Termos e Condi\u00e7\u00f5es: I have read and agree to the Terms and Conditions and Privacy Policy Cont\u00e9m 2 link(s). Use a navega\u00e7\u00e3o por abas para consultar.' class='ff-el-form-check-label ff_tc_label' for=terms-n-condition_823ecb5b6a398cc9bfb4151d0fbb8be8><span class='ff_tc_checkbox'><input type=\"checkbox\" name=\"terms-n-condition\" class=\"ff-el-form-check-input\" data-name=\"terms-n-condition\" id=\"terms-n-condition_823ecb5b6a398cc9bfb4151d0fbb8be8\"  value='on' aria-invalid='false' aria-required=true><\/span> <div class='ff_t_c'><p>I have read and agree to the <strong><a href=\"\/terms-and-conditions\/\" target=\"_blank\" rel=\"noopener\">Terms and Conditions<\/a><\/strong> and <strong><a href=\"\/privacy-policy\/\" target=\"_blank\" rel=\"noopener\">Privacy Policy<\/a><\/strong><\/p><\/div><\/label><\/div><\/div><div class='ff-el-group ff-text-left ff_submit_btn_wrapper'><button type=\"submit\" class=\"ff-btn ff-btn-submit ff-btn-md ff_btn_style wpf_has_custom_css\"  aria-label=\"Submit Form\">Submit Form<\/button><\/div><\/fieldset><\/form><div id='fluentform_1_errors' class='ff-errors-in-stack ff_form_instance_1_1 ff-form-loading_errors ff_form_instance_1_1_errors'><\/div><\/div>            <script type=\"text\/javascript\">\n                window.fluent_form_ff_form_instance_1_1 = {\"id\":\"1\",\"settings\":{\"layout\":{\"labelPlacement\":\"top\",\"helpMessagePlacement\":\"with_label\",\"errorMessagePlacement\":\"inline\",\"cssClassName\":\"\",\"asteriskPlacement\":\"asterisk-right\"},\"restrictions\":{\"denyEmptySubmission\":{\"enabled\":false}}},\"form_instance\":\"ff_form_instance_1_1\",\"form_id_selector\":\"fluentform_1\",\"rules\":{\"names[first_name]\":{\"required\":{\"value\":false,\"message\":\"This field is required\",\"global\":false,\"global_message\":\"This field is required\"}},\"names[middle_name]\":{\"required\":{\"value\":false,\"message\":\"This field is required\",\"global\":false,\"global_message\":\"This field is required\"}},\"names[last_name]\":{\"required\":{\"value\":false,\"message\":\"This field is required\",\"global\":false,\"global_message\":\"This field is required\"}},\"email\":{\"required\":{\"value\":true,\"message\":\"This field is required\",\"global\":false,\"global_message\":\"This field is required\"},\"email\":{\"value\":true,\"message\":\"This field must contain a valid email\",\"global\":false,\"global_message\":\"This field must contain a valid email\"}},\"message\":{\"required\":{\"value\":true,\"message\":\"This field is required\",\"global\":false,\"global_message\":\"This field is required\"}},\"terms-n-condition\":{\"required\":{\"value\":true,\"message\":\"Este campo \\u00e9 obrigat\\u00f3rio\",\"global_message\":\"This field is required\",\"global\":true}}},\"debounce_time\":300};\n                            <\/script>\n            <\/div>\n\t\t\t\t\t\t<\/div>\n\t\t\t\t<\/div>\n\t\t<div class=\"elementor-element elementor-element-fbb8b09 e-con-full e-flex convert--none scrubbed__false pinned__false wd--always--show container--pointer--events--auto layout--default bg--none no e-con e-child\" data-id=\"fbb8b09\" data-element_type=\"container\" data-e-type=\"container\">\n\t\t\t\t<div class=\"elementor-element elementor-element-010d7cf text-stroke-no wd--always--show elementor-widget elementor-widget-petextwrapper\" data-id=\"010d7cf\" data-element_type=\"widget\" data-e-type=\"widget\" data-widget_type=\"petextwrapper.default\">\n\t\t\t\t<div class=\"elementor-widget-container\">\n\t\t\t\t\t\n        \n        <div class=\"text-wrapper\">\n\n            <p                class=\"text-h6   no-margin   \"         >\n                NEED ASSISTANCE?<\/p>\n\n        <\/div>\n\n        \t\t\t\t<\/div>\n\t\t\t\t<\/div>\n\t\t\t\t<div class=\"elementor-element elementor-element-b6751f2 text-stroke-no wd--always--show elementor-widget elementor-widget-petextwrapper\" data-id=\"b6751f2\" data-element_type=\"widget\" data-e-type=\"widget\" data-widget_type=\"petextwrapper.default\">\n\t\t\t\t<div class=\"elementor-widget-container\">\n\t\t\t\t\t\n        \n        <div class=\"text-wrapper\">\n\n            <p                class=\"text-p      \"         >\n                Please feel free to submit your inquiry to us using the below form or e-mail us at \n<br><br>\n<b>customer@gluckgarmentindustries.com<\/b>\n<br><br>\nWe'll get back to you as quickly as humanly possible.<\/p>\n\n        <\/div>\n\n        \t\t\t\t<\/div>\n\t\t\t\t<\/div>\n\t\t\t\t<\/div>\n\t\t\t\t\t<\/div>\n\t\t\t\t<\/div>\n\t\t\t\t<\/div>\n\t\t","protected":false},"excerpt":{"rendered":"<p>In a world obsessed with rules and trends, we chose a different approach: Stop Making Sense NEED ASSISTANCE? Please feel&#8230;<\/p>","protected":false},"author":1,"featured_media":0,"parent":0,"menu_order":0,"comment_status":"closed","ping_status":"closed","template":"","meta":{"_acf_changed":false,"footnotes":""},"class_list":["post-10443","page","type-page","status-publish","hentry"],"acf":[],"_links":{"self":[{"href":"https:\/\/gluckgarmentindustries.com\/pt\/wp-json\/wp\/v2\/pages\/10443","targetHints":{"allow":["GET"]}}],"collection":[{"href":"https:\/\/gluckgarmentindustries.com\/pt\/wp-json\/wp\/v2\/pages"}],"about":[{"href":"https:\/\/gluckgarmentindustries.com\/pt\/wp-json\/wp\/v2\/types\/page"}],"author":[{"embeddable":true,"href":"https:\/\/gluckgarmentindustries.com\/pt\/wp-json\/wp\/v2\/users\/1"}],"replies":[{"embeddable":true,"href":"https:\/\/gluckgarmentindustries.com\/pt\/wp-json\/wp\/v2\/comments?post=10443"}],"version-history":[{"count":34,"href":"https:\/\/gluckgarmentindustries.com\/pt\/wp-json\/wp\/v2\/pages\/10443\/revisions"}],"predecessor-version":[{"id":10511,"href":"https:\/\/gluckgarmentindustries.com\/pt\/wp-json\/wp\/v2\/pages\/10443\/revisions\/10511"}],"wp:attachment":[{"href":"https:\/\/gluckgarmentindustries.com\/pt\/wp-json\/wp\/v2\/media?parent=10443"}],"curies":[{"name":"wp","href":"https:\/\/api.w.org\/{rel}","templated":true}]}}